{"id":1380,"date":"2018-09-24T12:34:55","date_gmt":"2018-09-24T08:34:55","guid":{"rendered":"http:\/\/mariag.org\/?page_id=1380"},"modified":"2019-01-09T22:20:26","modified_gmt":"2019-01-09T18:20:26","slug":"bienvenidos-a-mi-blog-personal","status":"publish","type":"page","link":"http:\/\/mariag.org\/?page_id=1380","title":{"rendered":"Mi Blog"},"content":{"rendered":"<h1><span style=\"color: #000000;\"><em><strong>\u00c9ste es mi espacio para poder rememorar esos hechos que no le puedo contar a cualquiera porque, simplemente, no me creer\u00eda. Una peque\u00f1a bit\u00e1cora de mi vida de puta<\/strong><\/em><\/span><\/h1>\n<h1><span style=\"color: #000000;\"><em><strong>doy la Bienvenida<\/strong><\/em><\/span><\/h1>\n<p>&nbsp;<\/p>\n<p>&nbsp;<\/p>\n<p>&nbsp;<\/p>\n<p>&nbsp;<\/p>\n","protected":false},"excerpt":{"rendered":"<p>\u00c9ste es mi espacio para poder rememorar esos hechos que no le puedo contar a cualquiera porque, simplemente, no me creer\u00eda. Una peque\u00f1a bit\u00e1cora de mi vida de puta doy la Bienvenida &nbsp; &nbsp; &nbsp; &nbsp;<\/p>\n","protected":false},"author":1,"featured_media":0,"parent":0,"menu_order":0,"comment_status":"closed","ping_status":"closed","template":"","meta":{"footnotes":""},"class_list":["post-1380","page","type-page","status-publish","hentry"],"_links":{"self":[{"href":"http:\/\/mariag.org\/index.php?rest_route=\/wp\/v2\/pages\/1380","targetHints":{"allow":["GET"]}}],"collection":[{"href":"http:\/\/mariag.org\/index.php?rest_route=\/wp\/v2\/pages"}],"about":[{"href":"http:\/\/mariag.org\/index.php?rest_route=\/wp\/v2\/types\/page"}],"author":[{"embeddable":true,"href":"http:\/\/mariag.org\/index.php?rest_route=\/wp\/v2\/users\/1"}],"replies":[{"embeddable":true,"href":"http:\/\/mariag.org\/index.php?rest_route=%2Fwp%2Fv2%2Fcomments&post=1380"}],"version-history":[{"count":10,"href":"http:\/\/mariag.org\/index.php?rest_route=\/wp\/v2\/pages\/1380\/revisions"}],"predecessor-version":[{"id":1465,"href":"http:\/\/mariag.org\/index.php?rest_route=\/wp\/v2\/pages\/1380\/revisions\/1465"}],"wp:attachment":[{"href":"http:\/\/mariag.org\/index.php?rest_route=%2Fwp%2Fv2%2Fmedia&parent=1380"}],"curies":[{"name":"wp","href":"https:\/\/api.w.org\/{rel}","templated":true}]}}